{"id":3185,"date":"2024-12-16T17:55:19","date_gmt":"2024-12-16T17:55:19","guid":{"rendered":"https:\/\/vizora.tv\/como-funciona\/"},"modified":"2026-03-18T15:52:38","modified_gmt":"2026-03-18T15:52:38","slug":"como-funciona","status":"publish","type":"page","link":"https:\/\/vizora.tv\/es\/como-funciona\/","title":{"rendered":"C\u00f3mo funciona Vizora TV con cualquiera de tus dispositivos"},"content":{"rendered":"\t\t<div data-elementor-type=\"wp-page\" data-elementor-id=\"3185\" class=\"elementor elementor-3185 elementor-408\" data-elementor-post-type=\"page\">\n\t\t\t\t<div class=\"elementor-element elementor-element-617b757 e-flex e-con-boxed wpr-particle-no wpr-jarallax-no wpr-parallax-no wpr-sticky-section-no wpr-equal-height-no e-con e-parent\" data-id=\"617b757\" data-element_type=\"container\" data-e-type=\"container\">\n\t\t\t\t\t<div class=\"e-con-inner\">\n\t\t<div class=\"elementor-element elementor-element-82fed5b e-con-full e-flex wpr-particle-no wpr-jarallax-no wpr-parallax-no wpr-sticky-section-no wpr-equal-height-no e-con e-child\" data-id=\"82fed5b\" data-element_type=\"container\" data-e-type=\"container\">\n\t\t\t\t<div class=\"elementor-element elementor-element-2bf1899 elementor-widget elementor-widget-heading\" data-id=\"2bf1899\" data-element_type=\"widget\" data-e-type=\"widget\" data-widget_type=\"heading.default\">\n\t\t\t\t<div class=\"elementor-widget-container\">\n\t\t\t\t\t<h2 class=\"elementor-heading-title elementor-size-default\">Instalaci\u00f3n de aplicaciones IPTV\n<\/h2>\t\t\t\t<\/div>\n\t\t\t\t<\/div>\n\t\t\t\t<div class=\"elementor-element elementor-element-7f8215f elementor-widget elementor-widget-text-editor\" data-id=\"7f8215f\" data-element_type=\"widget\" data-e-type=\"widget\" data-widget_type=\"text-editor.default\">\n\t\t\t\t<div class=\"elementor-widget-container\">\n\t\t\t\t\t\t\t\t\t<p><span style=\"font-weight: 400;\">Para Vizora TV y cualquier otro servicio IPTV solo necesitas elegir el tipo de dispositivo de la <\/span><span style=\"font-weight: 400;\">lista siguiente y seguir cuidadosamente las instrucciones de los manuales. Si encuentras alg\u00fan problema durante la instalaci\u00f3n de la aplicaci\u00f3n IPTV, cont\u00e1ctanos inmediatamente.<\/span><\/p>\t\t\t\t\t\t\t\t<\/div>\n\t\t\t\t<\/div>\n\t\t\t\t<div class=\"elementor-element elementor-element-917b9a6 elementor-widget elementor-widget-text-editor\" data-id=\"917b9a6\" data-element_type=\"widget\" data-e-type=\"widget\" data-widget_type=\"text-editor.default\">\n\t\t\t\t<div class=\"elementor-widget-container\">\n\t\t\t\t\t\t\t\t\t<p><span style=\"font-weight: 400;\">Tambi\u00e9n puedes ver gu\u00edas en v\u00eddeo en nuestro canal de <strong><a href=\"https:\/\/youtube.com\/@vizora_ro?si=ZnNjeyNQxxhSkqum\">Youtube<\/a><\/strong>.<\/span><\/p>\t\t\t\t\t\t\t\t<\/div>\n\t\t\t\t<\/div>\n\t\t\t\t<\/div>\n\t\t\t\t\t<\/div>\n\t\t\t\t<\/div>\n\t\t<div class=\"elementor-element elementor-element-9b6762d e-flex e-con-boxed wpr-particle-no wpr-jarallax-no wpr-parallax-no wpr-sticky-section-no wpr-equal-height-no e-con e-parent\" data-id=\"9b6762d\" data-element_type=\"container\" data-e-type=\"container\">\n\t\t\t\t\t<div class=\"e-con-inner\">\n\t\t\t\t<div class=\"elementor-element elementor-element-016edda elementor-widget elementor-widget-heading\" data-id=\"016edda\" data-element_type=\"widget\" data-e-type=\"widget\" data-widget_type=\"heading.default\">\n\t\t\t\t<div class=\"elementor-widget-container\">\n\t\t\t\t\t<h3 class=\"elementor-heading-title elementor-size-default\">Gu\u00edas para la instalaci\u00f3n de IPTV<\/h3>\t\t\t\t<\/div>\n\t\t\t\t<\/div>\n\t\t<div class=\"elementor-element elementor-element-01b594e e-grid e-con-full wpr-particle-no wpr-jarallax-no wpr-parallax-no wpr-sticky-section-no wpr-equal-height-no e-con e-child\" data-id=\"01b594e\" data-element_type=\"container\" data-e-type=\"container\">\n\t\t<a class=\"elementor-element elementor-element-f14a735 e-con-full pricing-card e-flex wpr-particle-no wpr-jarallax-no wpr-parallax-no wpr-sticky-section-no wpr-equal-height-no e-con e-child\" data-id=\"f14a735\" data-element_type=\"container\" data-e-type=\"container\" href=\"https:\/\/vizora.tv\/es\/instrucciones-para-apple-tv\/\" target=\"_blank\">\n\t\t\t\t<div class=\"elementor-element elementor-element-d3bfaa9 elementor-widget-mobile__width-inherit elementor-widget elementor-widget-image\" data-id=\"d3bfaa9\" data-element_type=\"widget\" data-e-type=\"widget\" data-widget_type=\"image.default\">\n\t\t\t\t<div class=\"elementor-widget-container\">\n\t\t\t\t\t\t\t\t\t\t\t\t\t\t\t<img fetchpriority=\"high\" decoding=\"async\" width=\"592\" height=\"333\" src=\"https:\/\/vizora.tv\/wp-content\/uploads\/2026\/01\/Apple-TV.png\" class=\"attachment-large size-large wp-image-3205\" alt=\"\" srcset=\"https:\/\/vizora.tv\/wp-content\/uploads\/2026\/01\/Apple-TV.png 592w, https:\/\/vizora.tv\/wp-content\/uploads\/2026\/01\/Apple-TV-300x169.png 300w\" sizes=\"(max-width: 592px) 100vw, 592px\" \/>\t\t\t\t\t\t\t\t\t\t\t\t\t\t\t<\/div>\n\t\t\t\t<\/div>\n\t\t\t\t<div class=\"elementor-element elementor-element-548d8e8 elementor-widget elementor-widget-heading\" data-id=\"548d8e8\" data-element_type=\"widget\" data-e-type=\"widget\" data-widget_type=\"heading.default\">\n\t\t\t\t<div class=\"elementor-widget-container\">\n\t\t\t\t\t<h2 class=\"elementor-heading-title elementor-size-default\">Apple TV<\/h2>\t\t\t\t<\/div>\n\t\t\t\t<\/div>\n\t\t\t\t<\/a>\n\t\t<a class=\"elementor-element elementor-element-a53b654 e-con-full pricing-card e-flex wpr-particle-no wpr-jarallax-no wpr-parallax-no wpr-sticky-section-no wpr-equal-height-no e-con e-child\" data-id=\"a53b654\" data-element_type=\"container\" data-e-type=\"container\" href=\"https:\/\/vizora.tv\/smart-tv\/\" target=\"_blank\">\n\t\t\t\t<div class=\"elementor-element elementor-element-3fbcd28 elementor-widget-mobile__width-inherit elementor-widget elementor-widget-image\" data-id=\"3fbcd28\" data-element_type=\"widget\" data-e-type=\"widget\" data-widget_type=\"image.default\">\n\t\t\t\t<div class=\"elementor-widget-container\">\n\t\t\t\t\t\t\t\t\t\t\t\t\t\t\t<img decoding=\"async\" width=\"592\" height=\"333\" src=\"https:\/\/vizora.tv\/wp-content\/uploads\/2026\/01\/smart-tv-2.png\" class=\"attachment-large size-large wp-image-3209\" alt=\"\" srcset=\"https:\/\/vizora.tv\/wp-content\/uploads\/2026\/01\/smart-tv-2.png 592w, https:\/\/vizora.tv\/wp-content\/uploads\/2026\/01\/smart-tv-2-300x169.png 300w\" sizes=\"(max-width: 592px) 100vw, 592px\" \/>\t\t\t\t\t\t\t\t\t\t\t\t\t\t\t<\/div>\n\t\t\t\t<\/div>\n\t\t\t\t<div class=\"elementor-element elementor-element-619ce1f elementor-widget elementor-widget-heading\" data-id=\"619ce1f\" data-element_type=\"widget\" data-e-type=\"widget\" data-widget_type=\"heading.default\">\n\t\t\t\t<div class=\"elementor-widget-container\">\n\t\t\t\t\t<h2 class=\"elementor-heading-title elementor-size-default\">Smart TV<\/h2>\t\t\t\t<\/div>\n\t\t\t\t<\/div>\n\t\t\t\t<\/a>\n\t\t<a class=\"elementor-element elementor-element-919a160 e-con-full pricing-card e-flex wpr-particle-no wpr-jarallax-no wpr-parallax-no wpr-sticky-section-no wpr-equal-height-no e-con e-child\" data-id=\"919a160\" data-element_type=\"container\" data-e-type=\"container\" href=\"https:\/\/vizora.tv\/iptv-mobil\/\" target=\"_blank\">\n\t\t\t\t<div class=\"elementor-element elementor-element-6db1e97 elementor-widget elementor-widget-image\" data-id=\"6db1e97\" data-element_type=\"widget\" data-e-type=\"widget\" data-widget_type=\"image.default\">\n\t\t\t\t<div class=\"elementor-widget-container\">\n\t\t\t\t\t\t\t\t\t\t\t\t\t\t\t<img decoding=\"async\" width=\"592\" height=\"333\" src=\"https:\/\/vizora.tv\/wp-content\/uploads\/2026\/01\/Mobile-and-Tablet.png\" class=\"attachment-large size-large wp-image-3204\" alt=\"\" srcset=\"https:\/\/vizora.tv\/wp-content\/uploads\/2026\/01\/Mobile-and-Tablet.png 592w, https:\/\/vizora.tv\/wp-content\/uploads\/2026\/01\/Mobile-and-Tablet-300x169.png 300w\" sizes=\"(max-width: 592px) 100vw, 592px\" \/>\t\t\t\t\t\t\t\t\t\t\t\t\t\t\t<\/div>\n\t\t\t\t<\/div>\n\t\t\t\t<div class=\"elementor-element elementor-element-25c98fb elementor-widget elementor-widget-heading\" data-id=\"25c98fb\" data-element_type=\"widget\" data-e-type=\"widget\" data-widget_type=\"heading.default\">\n\t\t\t\t<div class=\"elementor-widget-container\">\n\t\t\t\t\t<h2 class=\"elementor-heading-title elementor-size-default\">M\u00f3vil \/ Tablet<\/h2>\t\t\t\t<\/div>\n\t\t\t\t<\/div>\n\t\t\t\t<\/a>\n\t\t<a class=\"elementor-element elementor-element-ba9a873 e-con-full pricing-card e-flex wpr-particle-no wpr-jarallax-no wpr-parallax-no wpr-sticky-section-no wpr-equal-height-no e-con e-child\" data-id=\"ba9a873\" data-element_type=\"container\" data-e-type=\"container\" href=\"https:\/\/vizora.tv\/es\/iptv-en-computadora\/\" target=\"_blank\">\n\t\t\t\t<div class=\"elementor-element elementor-element-ff486c5 elementor-widget elementor-widget-image\" data-id=\"ff486c5\" data-element_type=\"widget\" data-e-type=\"widget\" data-widget_type=\"image.default\">\n\t\t\t\t<div class=\"elementor-widget-container\">\n\t\t\t\t\t\t\t\t\t\t\t\t\t\t\t<img loading=\"lazy\" decoding=\"async\" width=\"592\" height=\"333\" src=\"https:\/\/vizora.tv\/wp-content\/uploads\/2026\/01\/computer.png\" class=\"attachment-large size-large wp-image-3207\" alt=\"\" srcset=\"https:\/\/vizora.tv\/wp-content\/uploads\/2026\/01\/computer.png 592w, https:\/\/vizora.tv\/wp-content\/uploads\/2026\/01\/computer-300x169.png 300w\" sizes=\"(max-width: 592px) 100vw, 592px\" \/>\t\t\t\t\t\t\t\t\t\t\t\t\t\t\t<\/div>\n\t\t\t\t<\/div>\n\t\t\t\t<div class=\"elementor-element elementor-element-ce0e611 elementor-widget elementor-widget-heading\" data-id=\"ce0e611\" data-element_type=\"widget\" data-e-type=\"widget\" data-widget_type=\"heading.default\">\n\t\t\t\t<div class=\"elementor-widget-container\">\n\t\t\t\t\t<h2 class=\"elementor-heading-title elementor-size-default\">El ordenador<\/h2>\t\t\t\t<\/div>\n\t\t\t\t<\/div>\n\t\t\t\t<\/a>\n\t\t<a class=\"elementor-element elementor-element-4d48274 e-con-full pricing-card e-flex wpr-particle-no wpr-jarallax-no wpr-parallax-no wpr-sticky-section-no wpr-equal-height-no e-con e-child\" data-id=\"4d48274\" data-element_type=\"container\" data-e-type=\"container\" href=\"https:\/\/vizora.tv\/iptv-android\/\" target=\"_blank\">\n\t\t\t\t<div class=\"elementor-element elementor-element-2cbc750 elementor-widget elementor-widget-image\" data-id=\"2cbc750\" data-element_type=\"widget\" data-e-type=\"widget\" data-widget_type=\"image.default\">\n\t\t\t\t<div class=\"elementor-widget-container\">\n\t\t\t\t\t\t\t\t\t\t\t\t\t\t\t<img loading=\"lazy\" decoding=\"async\" width=\"592\" height=\"333\" src=\"https:\/\/vizora.tv\/wp-content\/uploads\/2026\/01\/Android-Box.png\" class=\"attachment-large size-large wp-image-3203\" alt=\"\" srcset=\"https:\/\/vizora.tv\/wp-content\/uploads\/2026\/01\/Android-Box.png 592w, https:\/\/vizora.tv\/wp-content\/uploads\/2026\/01\/Android-Box-300x169.png 300w\" sizes=\"(max-width: 592px) 100vw, 592px\" \/>\t\t\t\t\t\t\t\t\t\t\t\t\t\t\t<\/div>\n\t\t\t\t<\/div>\n\t\t\t\t<div class=\"elementor-element elementor-element-980487f elementor-widget elementor-widget-heading\" data-id=\"980487f\" data-element_type=\"widget\" data-e-type=\"widget\" data-widget_type=\"heading.default\">\n\t\t\t\t<div class=\"elementor-widget-container\">\n\t\t\t\t\t<h2 class=\"elementor-heading-title elementor-size-default\"> Caja de Android<\/h2>\t\t\t\t<\/div>\n\t\t\t\t<\/div>\n\t\t\t\t<\/a>\n\t\t<a class=\"elementor-element elementor-element-c51a266 e-con-full pricing-card e-flex wpr-particle-no wpr-jarallax-no wpr-parallax-no wpr-sticky-section-no wpr-equal-height-no e-con e-child\" data-id=\"c51a266\" data-element_type=\"container\" data-e-type=\"container\" href=\"https:\/\/vizora.tv\/formuler-iptv\/\" target=\"_blank\">\n\t\t\t\t<div class=\"elementor-element elementor-element-7b090a5 elementor-widget elementor-widget-image\" data-id=\"7b090a5\" data-element_type=\"widget\" data-e-type=\"widget\" data-widget_type=\"image.default\">\n\t\t\t\t<div class=\"elementor-widget-container\">\n\t\t\t\t\t\t\t\t\t\t\t\t\t\t\t<img loading=\"lazy\" decoding=\"async\" width=\"592\" height=\"333\" src=\"https:\/\/vizora.tv\/wp-content\/uploads\/2026\/01\/Formulex-Boxes.png\" class=\"attachment-large size-large wp-image-3201\" alt=\"\" srcset=\"https:\/\/vizora.tv\/wp-content\/uploads\/2026\/01\/Formulex-Boxes.png 592w, https:\/\/vizora.tv\/wp-content\/uploads\/2026\/01\/Formulex-Boxes-300x169.png 300w\" sizes=\"(max-width: 592px) 100vw, 592px\" \/>\t\t\t\t\t\t\t\t\t\t\t\t\t\t\t<\/div>\n\t\t\t\t<\/div>\n\t\t\t\t<div class=\"elementor-element elementor-element-1f71494 elementor-widget elementor-widget-heading\" data-id=\"1f71494\" data-element_type=\"widget\" data-e-type=\"widget\" data-widget_type=\"heading.default\">\n\t\t\t\t<div class=\"elementor-widget-container\">\n\t\t\t\t\t<h2 class=\"elementor-heading-title elementor-size-default\">Dispositivos Formulex<\/h2>\t\t\t\t<\/div>\n\t\t\t\t<\/div>\n\t\t\t\t<\/a>\n\t\t<a class=\"elementor-element elementor-element-56b5981 e-con-full pricing-card e-flex wpr-particle-no wpr-jarallax-no wpr-parallax-no wpr-sticky-section-no wpr-equal-height-no e-con e-child\" data-id=\"56b5981\" data-element_type=\"container\" data-e-type=\"container\" href=\"https:\/\/vizora.tv\/es\/iptv-tvip\/\" target=\"_blank\">\n\t\t\t\t<div class=\"elementor-element elementor-element-f92c592 elementor-widget elementor-widget-image\" data-id=\"f92c592\" data-element_type=\"widget\" data-e-type=\"widget\" data-widget_type=\"image.default\">\n\t\t\t\t<div class=\"elementor-widget-container\">\n\t\t\t\t\t\t\t\t\t\t\t\t\t\t\t<img loading=\"lazy\" decoding=\"async\" width=\"592\" height=\"333\" src=\"https:\/\/vizora.tv\/wp-content\/uploads\/2026\/01\/TVIP-Boxes.png\" class=\"attachment-large size-large wp-image-3206\" alt=\"\" srcset=\"https:\/\/vizora.tv\/wp-content\/uploads\/2026\/01\/TVIP-Boxes.png 592w, https:\/\/vizora.tv\/wp-content\/uploads\/2026\/01\/TVIP-Boxes-300x169.png 300w\" sizes=\"(max-width: 592px) 100vw, 592px\" \/>\t\t\t\t\t\t\t\t\t\t\t\t\t\t\t<\/div>\n\t\t\t\t<\/div>\n\t\t\t\t<div class=\"elementor-element elementor-element-771ea7b elementor-widget elementor-widget-heading\" data-id=\"771ea7b\" data-element_type=\"widget\" data-e-type=\"widget\" data-widget_type=\"heading.default\">\n\t\t\t\t<div class=\"elementor-widget-container\">\n\t\t\t\t\t<h2 class=\"elementor-heading-title elementor-size-default\">Dispositivos TVIP<\/h2>\t\t\t\t<\/div>\n\t\t\t\t<\/div>\n\t\t\t\t<\/a>\n\t\t\t\t<\/div>\n\t\t\t\t\t<\/div>\n\t\t\t\t<\/div>\n\t\t<div class=\"elementor-element elementor-element-f93c13d e-flex e-con-boxed wpr-particle-no wpr-jarallax-no wpr-parallax-no wpr-sticky-section-no wpr-equal-height-no e-con e-parent\" data-id=\"f93c13d\" data-element_type=\"container\" data-e-type=\"container\">\n\t\t\t\t\t<div class=\"e-con-inner\">\n\t\t<div class=\"elementor-element elementor-element-8cb9c61 e-con-full e-flex wpr-particle-no wpr-jarallax-no wpr-parallax-no wpr-sticky-section-no wpr-equal-height-no e-con e-child\" data-id=\"8cb9c61\" data-element_type=\"container\" data-e-type=\"container\">\n\t\t\t\t<div class=\"elementor-element elementor-element-e585b62 elementor-widget elementor-widget-heading\" data-id=\"e585b62\" data-element_type=\"widget\" data-e-type=\"widget\" data-widget_type=\"heading.default\">\n\t\t\t\t<div class=\"elementor-widget-container\">\n\t\t\t\t\t<h2 class=\"elementor-heading-title elementor-size-default\">\u00bfC\u00f3mo funciona realmente Vizora IPTV?<\/h2>\t\t\t\t<\/div>\n\t\t\t\t<\/div>\n\t\t\t\t<div class=\"elementor-element elementor-element-773e312 elementor-widget elementor-widget-text-editor\" data-id=\"773e312\" data-element_type=\"widget\" data-e-type=\"widget\" data-widget_type=\"text-editor.default\">\n\t\t\t\t<div class=\"elementor-widget-container\">\n\t\t\t\t\t\t\t\t\t<p><span style=\"font-weight: 400;\">Vizora IPTV funciona reflejando contenido de canales de TV, pel\u00edculas y otros medios de pago. Todo el contenido se convierte en se\u00f1ales digitales y luego, a trav\u00e9s de tu red, entregamos canales y programas. <\/span><\/p>\t\t\t\t\t\t\t\t<\/div>\n\t\t\t\t<\/div>\n\t\t\t\t<div class=\"elementor-element elementor-element-7d7a1e8 elementor-widget elementor-widget-text-editor\" data-id=\"7d7a1e8\" data-element_type=\"widget\" data-e-type=\"widget\" data-widget_type=\"text-editor.default\">\n\t\t\t\t<div class=\"elementor-widget-container\">\n\t\t\t\t\t\t\t\t\t<p><span style=\"font-weight: 400;\">T\u00e9cnicamente, IPTV utiliza protocolos avanzados como HTTP Live Streaming (HLS) y MPEG-DASH para optimizar la entrega seg\u00fan tu conexi\u00f3n a internet. <\/span><\/p><p><span style=\"font-weight: 400;\">La calidad de v\u00eddeo se ajusta seg\u00fan el ancho de banda, garantizando una experiencia fluida incluso con velocidades variables.<\/span><\/p>\t\t\t\t\t\t\t\t<\/div>\n\t\t\t\t<\/div>\n\t\t\t\t<div class=\"elementor-element elementor-element-2a03022 elementor-widget elementor-widget-text-editor\" data-id=\"2a03022\" data-element_type=\"widget\" data-e-type=\"widget\" data-widget_type=\"text-editor.default\">\n\t\t\t\t<div class=\"elementor-widget-container\">\n\t\t\t\t\t\t\t\t\t<p><span style=\"font-weight: 400;\">Lo que necesitas saber es que Vizora TV combina flexibilidad y calidad, permiti\u00e9ndote elegir qu\u00e9, cu\u00e1ndo y d\u00f3nde ver.<\/span><\/p><p><span style=\"font-weight: 400;\">No olvides, por favor, que pagas menos pero ves m\u00e1s con Vizora TV.<\/span><\/p>\t\t\t\t\t\t\t\t<\/div>\n\t\t\t\t<\/div>\n\t\t\t\t<\/div>\n\t\t<div class=\"elementor-element elementor-element-4d3b31c e-con-full e-flex wpr-particle-no wpr-jarallax-no wpr-parallax-no wpr-sticky-section-no wpr-equal-height-no e-con e-child\" data-id=\"4d3b31c\" data-element_type=\"container\" data-e-type=\"container\" data-settings=\"{&quot;background_background&quot;:&quot;classic&quot;}\">\n\t\t\t\t<\/div>\n\t\t\t\t\t<\/div>\n\t\t\t\t<\/div>\n\t\t\t\t<\/div>\n\t\t","protected":false},"excerpt":{"rendered":"<p>Instalaci\u00f3n de aplicaciones IPTV Para Vizora TV y cualquier otro servicio IPTV solo necesitas elegir el tipo de dispositivo de la lista siguiente y seguir cuidadosamente las instrucciones de los manuales. Si encuentras alg\u00fan problema durante la instalaci\u00f3n de la aplicaci\u00f3n IPTV, cont\u00e1ctanos inmediatamente. Tambi\u00e9n puedes ver gu\u00edas en v\u00eddeo en nuestro canal de Youtube. Gu\u00edas para la instalaci\u00f3n de IPTV Apple TV Smart TV M\u00f3vil \/ Tablet El ordenador Caja de Android Dispositivos Formulex Dispositivos TVIP \u00bfC\u00f3mo funciona realmente Vizora IPTV? Vizora IPTV funciona reflejando contenido de canales de TV, pel\u00edculas y otros medios de pago. Todo el contenido se convierte en se\u00f1ales digitales y luego, a trav\u00e9s de tu red, entregamos canales y programas. T\u00e9cnicamente, IPTV utiliza protocolos avanzados como HTTP Live Streaming (HLS) y MPEG-DASH para optimizar la entrega seg\u00fan tu conexi\u00f3n a internet. La calidad de v\u00eddeo se ajusta seg\u00fan el ancho de banda, garantizando una experiencia fluida incluso con velocidades variables. Lo que necesitas saber es que Vizora TV combina flexibilidad y calidad, permiti\u00e9ndote elegir qu\u00e9, cu\u00e1ndo y d\u00f3nde ver. No olvides, por favor, que pagas menos pero ves m\u00e1s con Vizora TV.<\/p>\n","protected":false},"author":1,"featured_media":0,"parent":0,"menu_order":0,"comment_status":"closed","ping_status":"closed","template":"","meta":{"footnotes":""},"class_list":["post-3185","page","type-page","status-publish","hentry"],"_links":{"self":[{"href":"https:\/\/vizora.tv\/es\/wp-json\/wp\/v2\/pages\/3185","targetHints":{"allow":["GET"]}}],"collection":[{"href":"https:\/\/vizora.tv\/es\/wp-json\/wp\/v2\/pages"}],"about":[{"href":"https:\/\/vizora.tv\/es\/wp-json\/wp\/v2\/types\/page"}],"author":[{"embeddable":true,"href":"https:\/\/vizora.tv\/es\/wp-json\/wp\/v2\/users\/1"}],"replies":[{"embeddable":true,"href":"https:\/\/vizora.tv\/es\/wp-json\/wp\/v2\/comments?post=3185"}],"version-history":[{"count":3,"href":"https:\/\/vizora.tv\/es\/wp-json\/wp\/v2\/pages\/3185\/revisions"}],"predecessor-version":[{"id":4458,"href":"https:\/\/vizora.tv\/es\/wp-json\/wp\/v2\/pages\/3185\/revisions\/4458"}],"wp:attachment":[{"href":"https:\/\/vizora.tv\/es\/wp-json\/wp\/v2\/media?parent=3185"}],"curies":[{"name":"wp","href":"https:\/\/api.w.org\/{rel}","templated":true}]}}