{"id":3160,"date":"2024-12-16T17:55:19","date_gmt":"2024-12-16T17:55:19","guid":{"rendered":"https:\/\/vizora.tv\/cum-functioneaza\/"},"modified":"2026-03-18T15:50:09","modified_gmt":"2026-03-18T15:50:09","slug":"cum-functioneaza","status":"publish","type":"page","link":"https:\/\/vizora.tv\/ro\/cum-functioneaza\/","title":{"rendered":"Cum func\u021bioneaz\u0103 Vizora TV pe oricare dintre dispozitivele tale"},"content":{"rendered":"\t\t<div data-elementor-type=\"wp-page\" data-elementor-id=\"3160\" class=\"elementor elementor-3160 elementor-408\" data-elementor-post-type=\"page\">\n\t\t\t\t<div class=\"elementor-element elementor-element-617b757 e-flex e-con-boxed wpr-particle-no wpr-jarallax-no wpr-parallax-no wpr-sticky-section-no wpr-equal-height-no e-con e-parent\" data-id=\"617b757\" data-element_type=\"container\" data-e-type=\"container\">\n\t\t\t\t\t<div class=\"e-con-inner\">\n\t\t<div class=\"elementor-element elementor-element-82fed5b e-con-full e-flex wpr-particle-no wpr-jarallax-no wpr-parallax-no wpr-sticky-section-no wpr-equal-height-no e-con e-child\" data-id=\"82fed5b\" data-element_type=\"container\" data-e-type=\"container\">\n\t\t\t\t<div class=\"elementor-element elementor-element-2bf1899 elementor-widget elementor-widget-heading\" data-id=\"2bf1899\" data-element_type=\"widget\" data-e-type=\"widget\" data-widget_type=\"heading.default\">\n\t\t\t\t<div class=\"elementor-widget-container\">\n\t\t\t\t\t<h2 class=\"elementor-heading-title elementor-size-default\">Instalarea aplica\u021biilor IPTV\n<\/h2>\t\t\t\t<\/div>\n\t\t\t\t<\/div>\n\t\t\t\t<div class=\"elementor-element elementor-element-7f8215f elementor-widget elementor-widget-text-editor\" data-id=\"7f8215f\" data-element_type=\"widget\" data-e-type=\"widget\" data-widget_type=\"text-editor.default\">\n\t\t\t\t<div class=\"elementor-widget-container\">\n\t\t\t\t\t\t\t\t\t<p><span style=\"font-weight: 400;\">Pentru Vizora TV \u0219i orice alt serviciu IPTV trebuie doar s\u0103 alegi tipul de dispozitiv din <\/span><span style=\"font-weight: 400;\">lista de mai jos \u0219i s\u0103 urmezi cu aten\u021bie instruc\u021biunile din manuale. Dac\u0103 \u00eent\u00e2mpini probleme \u00een timpul instal\u0103rii aplica\u021biei IPTV, contacteaz\u0103-ne imediat.<\/span><\/p>\t\t\t\t\t\t\t\t<\/div>\n\t\t\t\t<\/div>\n\t\t\t\t<div class=\"elementor-element elementor-element-917b9a6 elementor-widget elementor-widget-text-editor\" data-id=\"917b9a6\" data-element_type=\"widget\" data-e-type=\"widget\" data-widget_type=\"text-editor.default\">\n\t\t\t\t<div class=\"elementor-widget-container\">\n\t\t\t\t\t\t\t\t\t<p><span style=\"font-weight: 400;\">Po\u021bi viziona, de asemenea, ghiduri video pe canalul nostru de <strong><a href=\"https:\/\/youtube.com\/@vizora_ro?si=ZnNjeyNQxxhSkqum\">Youtube<\/a> <\/strong>.<\/span><\/p>\t\t\t\t\t\t\t\t<\/div>\n\t\t\t\t<\/div>\n\t\t\t\t<\/div>\n\t\t\t\t\t<\/div>\n\t\t\t\t<\/div>\n\t\t<div class=\"elementor-element elementor-element-9b6762d e-flex e-con-boxed wpr-particle-no wpr-jarallax-no wpr-parallax-no wpr-sticky-section-no wpr-equal-height-no e-con e-parent\" data-id=\"9b6762d\" data-element_type=\"container\" data-e-type=\"container\">\n\t\t\t\t\t<div class=\"e-con-inner\">\n\t\t\t\t<div class=\"elementor-element elementor-element-016edda elementor-widget elementor-widget-heading\" data-id=\"016edda\" data-element_type=\"widget\" data-e-type=\"widget\" data-widget_type=\"heading.default\">\n\t\t\t\t<div class=\"elementor-widget-container\">\n\t\t\t\t\t<h3 class=\"elementor-heading-title elementor-size-default\">Ghiduri pentru instalarea IPTV<\/h3>\t\t\t\t<\/div>\n\t\t\t\t<\/div>\n\t\t<div class=\"elementor-element elementor-element-01b594e e-grid e-con-full wpr-particle-no wpr-jarallax-no wpr-parallax-no wpr-sticky-section-no wpr-equal-height-no e-con e-child\" data-id=\"01b594e\" data-element_type=\"container\" data-e-type=\"container\">\n\t\t<a class=\"elementor-element elementor-element-f14a735 e-con-full pricing-card e-flex wpr-particle-no wpr-jarallax-no wpr-parallax-no wpr-sticky-section-no wpr-equal-height-no e-con e-child\" data-id=\"f14a735\" data-element_type=\"container\" data-e-type=\"container\" href=\"https:\/\/vizora.tv\/ro\/instructiuni-apple-tv\/\" target=\"_blank\">\n\t\t\t\t<div class=\"elementor-element elementor-element-d3bfaa9 elementor-widget-mobile__width-inherit elementor-widget elementor-widget-image\" data-id=\"d3bfaa9\" data-element_type=\"widget\" data-e-type=\"widget\" data-widget_type=\"image.default\">\n\t\t\t\t<div class=\"elementor-widget-container\">\n\t\t\t\t\t\t\t\t\t\t\t\t\t\t\t<img fetchpriority=\"high\" decoding=\"async\" width=\"592\" height=\"333\" src=\"https:\/\/vizora.tv\/wp-content\/uploads\/2026\/01\/Apple-TV.png\" class=\"attachment-large size-large wp-image-3179\" alt=\"\" srcset=\"https:\/\/vizora.tv\/wp-content\/uploads\/2026\/01\/Apple-TV.png 592w, https:\/\/vizora.tv\/wp-content\/uploads\/2026\/01\/Apple-TV-300x169.png 300w\" sizes=\"(max-width: 592px) 100vw, 592px\" \/>\t\t\t\t\t\t\t\t\t\t\t\t\t\t\t<\/div>\n\t\t\t\t<\/div>\n\t\t\t\t<div class=\"elementor-element elementor-element-548d8e8 elementor-widget elementor-widget-heading\" data-id=\"548d8e8\" data-element_type=\"widget\" data-e-type=\"widget\" data-widget_type=\"heading.default\">\n\t\t\t\t<div class=\"elementor-widget-container\">\n\t\t\t\t\t<h2 class=\"elementor-heading-title elementor-size-default\">Apple TV<\/h2>\t\t\t\t<\/div>\n\t\t\t\t<\/div>\n\t\t\t\t<\/a>\n\t\t<a class=\"elementor-element elementor-element-a53b654 e-con-full pricing-card e-flex wpr-particle-no wpr-jarallax-no wpr-parallax-no wpr-sticky-section-no wpr-equal-height-no e-con e-child\" data-id=\"a53b654\" data-element_type=\"container\" data-e-type=\"container\" href=\"https:\/\/vizora.tv\/smart-tv\/\" target=\"_blank\">\n\t\t\t\t<div class=\"elementor-element elementor-element-3fbcd28 elementor-widget-mobile__width-inherit elementor-widget elementor-widget-image\" data-id=\"3fbcd28\" data-element_type=\"widget\" data-e-type=\"widget\" data-widget_type=\"image.default\">\n\t\t\t\t<div class=\"elementor-widget-container\">\n\t\t\t\t\t\t\t\t\t\t\t\t\t\t\t<img decoding=\"async\" width=\"592\" height=\"333\" src=\"https:\/\/vizora.tv\/wp-content\/uploads\/2026\/01\/smart-tv-2.png\" class=\"attachment-large size-large wp-image-3183\" alt=\"\" srcset=\"https:\/\/vizora.tv\/wp-content\/uploads\/2026\/01\/smart-tv-2.png 592w, https:\/\/vizora.tv\/wp-content\/uploads\/2026\/01\/smart-tv-2-300x169.png 300w\" sizes=\"(max-width: 592px) 100vw, 592px\" \/>\t\t\t\t\t\t\t\t\t\t\t\t\t\t\t<\/div>\n\t\t\t\t<\/div>\n\t\t\t\t<div class=\"elementor-element elementor-element-619ce1f elementor-widget elementor-widget-heading\" data-id=\"619ce1f\" data-element_type=\"widget\" data-e-type=\"widget\" data-widget_type=\"heading.default\">\n\t\t\t\t<div class=\"elementor-widget-container\">\n\t\t\t\t\t<h2 class=\"elementor-heading-title elementor-size-default\">Smart TV<\/h2>\t\t\t\t<\/div>\n\t\t\t\t<\/div>\n\t\t\t\t<\/a>\n\t\t<a class=\"elementor-element elementor-element-919a160 e-con-full pricing-card e-flex wpr-particle-no wpr-jarallax-no wpr-parallax-no wpr-sticky-section-no wpr-equal-height-no e-con e-child\" data-id=\"919a160\" data-element_type=\"container\" data-e-type=\"container\" href=\"https:\/\/vizora.tv\/ro\/iptv-mobil\/\" target=\"_blank\">\n\t\t\t\t<div class=\"elementor-element elementor-element-6db1e97 elementor-widget elementor-widget-image\" data-id=\"6db1e97\" data-element_type=\"widget\" data-e-type=\"widget\" data-widget_type=\"image.default\">\n\t\t\t\t<div class=\"elementor-widget-container\">\n\t\t\t\t\t\t\t\t\t\t\t\t\t\t\t<img decoding=\"async\" width=\"592\" height=\"333\" src=\"https:\/\/vizora.tv\/wp-content\/uploads\/2026\/01\/Mobile-and-Tablet.png\" class=\"attachment-large size-large wp-image-3178\" alt=\"\" srcset=\"https:\/\/vizora.tv\/wp-content\/uploads\/2026\/01\/Mobile-and-Tablet.png 592w, https:\/\/vizora.tv\/wp-content\/uploads\/2026\/01\/Mobile-and-Tablet-300x169.png 300w\" sizes=\"(max-width: 592px) 100vw, 592px\" \/>\t\t\t\t\t\t\t\t\t\t\t\t\t\t\t<\/div>\n\t\t\t\t<\/div>\n\t\t\t\t<div class=\"elementor-element elementor-element-25c98fb elementor-widget elementor-widget-heading\" data-id=\"25c98fb\" data-element_type=\"widget\" data-e-type=\"widget\" data-widget_type=\"heading.default\">\n\t\t\t\t<div class=\"elementor-widget-container\">\n\t\t\t\t\t<h2 class=\"elementor-heading-title elementor-size-default\">Mobil \/ Tablet\u0103<\/h2>\t\t\t\t<\/div>\n\t\t\t\t<\/div>\n\t\t\t\t<\/a>\n\t\t<a class=\"elementor-element elementor-element-ba9a873 e-con-full pricing-card e-flex wpr-particle-no wpr-jarallax-no wpr-parallax-no wpr-sticky-section-no wpr-equal-height-no e-con e-child\" data-id=\"ba9a873\" data-element_type=\"container\" data-e-type=\"container\" href=\"https:\/\/vizora.tv\/ro\/iptv-pe-computadora\/\" target=\"_blank\">\n\t\t\t\t<div class=\"elementor-element elementor-element-ff486c5 elementor-widget elementor-widget-image\" data-id=\"ff486c5\" data-element_type=\"widget\" data-e-type=\"widget\" data-widget_type=\"image.default\">\n\t\t\t\t<div class=\"elementor-widget-container\">\n\t\t\t\t\t\t\t\t\t\t\t\t\t\t\t<img loading=\"lazy\" decoding=\"async\" width=\"592\" height=\"333\" src=\"https:\/\/vizora.tv\/wp-content\/uploads\/2026\/01\/computer.png\" class=\"attachment-large size-large wp-image-3181\" alt=\"\" srcset=\"https:\/\/vizora.tv\/wp-content\/uploads\/2026\/01\/computer.png 592w, https:\/\/vizora.tv\/wp-content\/uploads\/2026\/01\/computer-300x169.png 300w\" sizes=\"(max-width: 592px) 100vw, 592px\" \/>\t\t\t\t\t\t\t\t\t\t\t\t\t\t\t<\/div>\n\t\t\t\t<\/div>\n\t\t\t\t<div class=\"elementor-element elementor-element-ce0e611 elementor-widget elementor-widget-heading\" data-id=\"ce0e611\" data-element_type=\"widget\" data-e-type=\"widget\" data-widget_type=\"heading.default\">\n\t\t\t\t<div class=\"elementor-widget-container\">\n\t\t\t\t\t<h2 class=\"elementor-heading-title elementor-size-default\">Calculatorul<\/h2>\t\t\t\t<\/div>\n\t\t\t\t<\/div>\n\t\t\t\t<\/a>\n\t\t<a class=\"elementor-element elementor-element-4d48274 e-con-full pricing-card e-flex wpr-particle-no wpr-jarallax-no wpr-parallax-no wpr-sticky-section-no wpr-equal-height-no e-con e-child\" data-id=\"4d48274\" data-element_type=\"container\" data-e-type=\"container\" href=\"https:\/\/vizora.tv\/iptv-android\/\" target=\"_blank\">\n\t\t\t\t<div class=\"elementor-element elementor-element-2cbc750 elementor-widget elementor-widget-image\" data-id=\"2cbc750\" data-element_type=\"widget\" data-e-type=\"widget\" data-widget_type=\"image.default\">\n\t\t\t\t<div class=\"elementor-widget-container\">\n\t\t\t\t\t\t\t\t\t\t\t\t\t\t\t<img loading=\"lazy\" decoding=\"async\" width=\"592\" height=\"333\" src=\"https:\/\/vizora.tv\/wp-content\/uploads\/2026\/01\/Android-Box.png\" class=\"attachment-large size-large wp-image-3177\" alt=\"\" srcset=\"https:\/\/vizora.tv\/wp-content\/uploads\/2026\/01\/Android-Box.png 592w, https:\/\/vizora.tv\/wp-content\/uploads\/2026\/01\/Android-Box-300x169.png 300w\" sizes=\"(max-width: 592px) 100vw, 592px\" \/>\t\t\t\t\t\t\t\t\t\t\t\t\t\t\t<\/div>\n\t\t\t\t<\/div>\n\t\t\t\t<div class=\"elementor-element elementor-element-980487f elementor-widget elementor-widget-heading\" data-id=\"980487f\" data-element_type=\"widget\" data-e-type=\"widget\" data-widget_type=\"heading.default\">\n\t\t\t\t<div class=\"elementor-widget-container\">\n\t\t\t\t\t<h2 class=\"elementor-heading-title elementor-size-default\">Android Box<\/h2>\t\t\t\t<\/div>\n\t\t\t\t<\/div>\n\t\t\t\t<\/a>\n\t\t<a class=\"elementor-element elementor-element-c51a266 e-con-full pricing-card e-flex wpr-particle-no wpr-jarallax-no wpr-parallax-no wpr-sticky-section-no wpr-equal-height-no e-con e-child\" data-id=\"c51a266\" data-element_type=\"container\" data-e-type=\"container\" href=\"https:\/\/vizora.tv\/formuler-iptv\/\" target=\"_blank\">\n\t\t\t\t<div class=\"elementor-element elementor-element-7b090a5 elementor-widget elementor-widget-image\" data-id=\"7b090a5\" data-element_type=\"widget\" data-e-type=\"widget\" data-widget_type=\"image.default\">\n\t\t\t\t<div class=\"elementor-widget-container\">\n\t\t\t\t\t\t\t\t\t\t\t\t\t\t\t<img loading=\"lazy\" decoding=\"async\" width=\"592\" height=\"333\" src=\"https:\/\/vizora.tv\/wp-content\/uploads\/2026\/01\/Formulex-Boxes.png\" class=\"attachment-large size-large wp-image-3175\" alt=\"\" srcset=\"https:\/\/vizora.tv\/wp-content\/uploads\/2026\/01\/Formulex-Boxes.png 592w, https:\/\/vizora.tv\/wp-content\/uploads\/2026\/01\/Formulex-Boxes-300x169.png 300w\" sizes=\"(max-width: 592px) 100vw, 592px\" \/>\t\t\t\t\t\t\t\t\t\t\t\t\t\t\t<\/div>\n\t\t\t\t<\/div>\n\t\t\t\t<div class=\"elementor-element elementor-element-1f71494 elementor-widget elementor-widget-heading\" data-id=\"1f71494\" data-element_type=\"widget\" data-e-type=\"widget\" data-widget_type=\"heading.default\">\n\t\t\t\t<div class=\"elementor-widget-container\">\n\t\t\t\t\t<h2 class=\"elementor-heading-title elementor-size-default\">Formulex Boxes<\/h2>\t\t\t\t<\/div>\n\t\t\t\t<\/div>\n\t\t\t\t<\/a>\n\t\t<a class=\"elementor-element elementor-element-56b5981 e-con-full pricing-card e-flex wpr-particle-no wpr-jarallax-no wpr-parallax-no wpr-sticky-section-no wpr-equal-height-no e-con e-child\" data-id=\"56b5981\" data-element_type=\"container\" data-e-type=\"container\" href=\"https:\/\/vizora.tv\/ro\/iptv-tvip\/\" target=\"_blank\">\n\t\t\t\t<div class=\"elementor-element elementor-element-f92c592 elementor-widget elementor-widget-image\" data-id=\"f92c592\" data-element_type=\"widget\" data-e-type=\"widget\" data-widget_type=\"image.default\">\n\t\t\t\t<div class=\"elementor-widget-container\">\n\t\t\t\t\t\t\t\t\t\t\t\t\t\t\t<img loading=\"lazy\" decoding=\"async\" width=\"592\" height=\"333\" src=\"https:\/\/vizora.tv\/wp-content\/uploads\/2026\/01\/TVIP-Boxes.png\" class=\"attachment-large size-large wp-image-3180\" alt=\"\" srcset=\"https:\/\/vizora.tv\/wp-content\/uploads\/2026\/01\/TVIP-Boxes.png 592w, https:\/\/vizora.tv\/wp-content\/uploads\/2026\/01\/TVIP-Boxes-300x169.png 300w\" sizes=\"(max-width: 592px) 100vw, 592px\" \/>\t\t\t\t\t\t\t\t\t\t\t\t\t\t\t<\/div>\n\t\t\t\t<\/div>\n\t\t\t\t<div class=\"elementor-element elementor-element-771ea7b elementor-widget elementor-widget-heading\" data-id=\"771ea7b\" data-element_type=\"widget\" data-e-type=\"widget\" data-widget_type=\"heading.default\">\n\t\t\t\t<div class=\"elementor-widget-container\">\n\t\t\t\t\t<h2 class=\"elementor-heading-title elementor-size-default\">TVIP Boxes<\/h2>\t\t\t\t<\/div>\n\t\t\t\t<\/div>\n\t\t\t\t<\/a>\n\t\t\t\t<\/div>\n\t\t\t\t\t<\/div>\n\t\t\t\t<\/div>\n\t\t<div class=\"elementor-element elementor-element-f93c13d e-flex e-con-boxed wpr-particle-no wpr-jarallax-no wpr-parallax-no wpr-sticky-section-no wpr-equal-height-no e-con e-parent\" data-id=\"f93c13d\" data-element_type=\"container\" data-e-type=\"container\">\n\t\t\t\t\t<div class=\"e-con-inner\">\n\t\t<div class=\"elementor-element elementor-element-8cb9c61 e-con-full e-flex wpr-particle-no wpr-jarallax-no wpr-parallax-no wpr-sticky-section-no wpr-equal-height-no e-con e-child\" data-id=\"8cb9c61\" data-element_type=\"container\" data-e-type=\"container\">\n\t\t\t\t<div class=\"elementor-element elementor-element-e585b62 elementor-widget elementor-widget-heading\" data-id=\"e585b62\" data-element_type=\"widget\" data-e-type=\"widget\" data-widget_type=\"heading.default\">\n\t\t\t\t<div class=\"elementor-widget-container\">\n\t\t\t\t\t<h2 class=\"elementor-heading-title elementor-size-default\">Cum func\u021bioneaz\u0103 de fapt Vizora IPTV?<\/h2>\t\t\t\t<\/div>\n\t\t\t\t<\/div>\n\t\t\t\t<div class=\"elementor-element elementor-element-773e312 elementor-widget elementor-widget-text-editor\" data-id=\"773e312\" data-element_type=\"widget\" data-e-type=\"widget\" data-widget_type=\"text-editor.default\">\n\t\t\t\t<div class=\"elementor-widget-container\">\n\t\t\t\t\t\t\t\t\t<p><span style=\"font-weight: 400;\">Vizora IPTV func\u021bioneaz\u0103 prin preluarea con\u021binutului de la canale TV, filme \u0219i alte platforme media pl\u0103tite. Tot con\u021binutul este convertit \u00een semnale digitale, iar apoi, prin intermediul re\u021belei tale, \u00ee\u021bi livr\u0103m canalele \u0219i programele. <\/span><\/p>\t\t\t\t\t\t\t\t<\/div>\n\t\t\t\t<\/div>\n\t\t\t\t<div class=\"elementor-element elementor-element-7d7a1e8 elementor-widget elementor-widget-text-editor\" data-id=\"7d7a1e8\" data-element_type=\"widget\" data-e-type=\"widget\" data-widget_type=\"text-editor.default\">\n\t\t\t\t<div class=\"elementor-widget-container\">\n\t\t\t\t\t\t\t\t\t<p><span style=\"font-weight: 400;\">Din punct de vedere tehnic, IPTV folose\u0219te protocoale avansate precum HTTP Live Streaming (HLS) \u0219i MPEG-DASH pentru a optimiza redarea \u00een func\u021bie de conexiunea ta la internet. <\/span><\/p><p><span style=\"font-weight: 400;\">Calitatea video se adapteaz\u0103 \u00een func\u021bie de l\u0103\u021bimea de band\u0103, asigur\u00e2nd o experien\u021b\u0103 fluid\u0103 chiar \u0219i la viteze variabile.<\/span><\/p>\t\t\t\t\t\t\t\t<\/div>\n\t\t\t\t<\/div>\n\t\t\t\t<div class=\"elementor-element elementor-element-2a03022 elementor-widget elementor-widget-text-editor\" data-id=\"2a03022\" data-element_type=\"widget\" data-e-type=\"widget\" data-widget_type=\"text-editor.default\">\n\t\t\t\t<div class=\"elementor-widget-container\">\n\t\t\t\t\t\t\t\t\t<p><span style=\"font-weight: 400;\">Ceea ce trebuie s\u0103 \u0219tii este c\u0103 Vizora TV combin\u0103 flexibilitatea \u0219i calitatea, permi\u021b\u00e2ndu-\u021bi s\u0103 alegi ce, c\u00e2nd \u0219i unde s\u0103 vizionezi.<\/span><\/p><p><span style=\"font-weight: 400;\">Nu uita, te rog: pl\u0103te\u0219ti mai pu\u021bin, dar vezi mai mult cu Vizora TV.<\/span><\/p>\t\t\t\t\t\t\t\t<\/div>\n\t\t\t\t<\/div>\n\t\t\t\t<\/div>\n\t\t<div class=\"elementor-element elementor-element-4d3b31c e-con-full e-flex wpr-particle-no wpr-jarallax-no wpr-parallax-no wpr-sticky-section-no wpr-equal-height-no e-con e-child\" data-id=\"4d3b31c\" data-element_type=\"container\" data-e-type=\"container\" data-settings=\"{&quot;background_background&quot;:&quot;classic&quot;}\">\n\t\t\t\t<\/div>\n\t\t\t\t\t<\/div>\n\t\t\t\t<\/div>\n\t\t\t\t<\/div>\n\t\t","protected":false},"excerpt":{"rendered":"<p>Instalarea aplica\u021biilor IPTV Pentru Vizora TV \u0219i orice alt serviciu IPTV trebuie doar s\u0103 alegi tipul de dispozitiv din lista de mai jos \u0219i s\u0103 urmezi cu aten\u021bie instruc\u021biunile din manuale. Dac\u0103 \u00eent\u00e2mpini probleme \u00een timpul instal\u0103rii aplica\u021biei IPTV, contacteaz\u0103-ne imediat. Po\u021bi viziona, de asemenea, ghiduri video pe canalul nostru de Youtube . Ghiduri pentru instalarea IPTV Apple TV Smart TV Mobil \/ Tablet\u0103 Calculatorul Android Box Formulex Boxes TVIP Boxes Cum func\u021bioneaz\u0103 de fapt Vizora IPTV? Vizora IPTV func\u021bioneaz\u0103 prin preluarea con\u021binutului de la canale TV, filme \u0219i alte platforme media pl\u0103tite. Tot con\u021binutul este convertit \u00een semnale digitale, iar apoi, prin intermediul re\u021belei tale, \u00ee\u021bi livr\u0103m canalele \u0219i programele. Din punct de vedere tehnic, IPTV folose\u0219te protocoale avansate precum HTTP Live Streaming (HLS) \u0219i MPEG-DASH pentru a optimiza redarea \u00een func\u021bie de conexiunea ta la internet. Calitatea video se adapteaz\u0103 \u00een func\u021bie de l\u0103\u021bimea de band\u0103, asigur\u00e2nd o experien\u021b\u0103 fluid\u0103 chiar \u0219i la viteze variabile. Ceea ce trebuie s\u0103 \u0219tii este c\u0103 Vizora TV combin\u0103 flexibilitatea \u0219i calitatea, permi\u021b\u00e2ndu-\u021bi s\u0103 alegi ce, c\u00e2nd \u0219i unde s\u0103 vizionezi. Nu uita, te rog: pl\u0103te\u0219ti mai pu\u021bin, dar vezi mai mult cu Vizora TV.<\/p>\n","protected":false},"author":1,"featured_media":0,"parent":0,"menu_order":0,"comment_status":"closed","ping_status":"closed","template":"","meta":{"footnotes":""},"class_list":["post-3160","page","type-page","status-publish","hentry"],"_links":{"self":[{"href":"https:\/\/vizora.tv\/ro\/wp-json\/wp\/v2\/pages\/3160","targetHints":{"allow":["GET"]}}],"collection":[{"href":"https:\/\/vizora.tv\/ro\/wp-json\/wp\/v2\/pages"}],"about":[{"href":"https:\/\/vizora.tv\/ro\/wp-json\/wp\/v2\/types\/page"}],"author":[{"embeddable":true,"href":"https:\/\/vizora.tv\/ro\/wp-json\/wp\/v2\/users\/1"}],"replies":[{"embeddable":true,"href":"https:\/\/vizora.tv\/ro\/wp-json\/wp\/v2\/comments?post=3160"}],"version-history":[{"count":3,"href":"https:\/\/vizora.tv\/ro\/wp-json\/wp\/v2\/pages\/3160\/revisions"}],"predecessor-version":[{"id":4456,"href":"https:\/\/vizora.tv\/ro\/wp-json\/wp\/v2\/pages\/3160\/revisions\/4456"}],"wp:attachment":[{"href":"https:\/\/vizora.tv\/ro\/wp-json\/wp\/v2\/media?parent=3160"}],"curies":[{"name":"wp","href":"https:\/\/api.w.org\/{rel}","templated":true}]}}