{"id":3659,"date":"2024-12-22T22:11:36","date_gmt":"2024-12-22T22:11:36","guid":{"rendered":"https:\/\/vizora.tv\/iptv-pe-computadora\/"},"modified":"2026-03-18T18:35:26","modified_gmt":"2026-03-18T18:35:26","slug":"iptv-pe-computadora","status":"publish","type":"page","link":"https:\/\/vizora.tv\/ro\/iptv-pe-computadora\/","title":{"rendered":"IPTV pe computadora"},"content":{"rendered":"\t\t<div data-elementor-type=\"wp-page\" data-elementor-id=\"3659\" class=\"elementor elementor-3659 elementor-1774\" data-elementor-post-type=\"page\">\n\t\t\t\t\t\t<section class=\"elementor-section elementor-top-section elementor-element elementor-element-f8f1afa elementor-section-boxed elementor-section-height-default elementor-section-height-default wpr-particle-no wpr-jarallax-no wpr-parallax-no wpr-sticky-section-no wpr-equal-height-no\" data-id=\"f8f1afa\" data-element_type=\"section\" data-e-type=\"section\" data-settings=\"{&quot;background_background&quot;:&quot;classic&quot;}\">\n\t\t\t\t\t\t<div class=\"elementor-container elementor-column-gap-default\">\n\t\t\t\t\t<div class=\"elementor-column elementor-col-100 elementor-top-column elementor-element elementor-element-63c36e3\" data-id=\"63c36e3\" data-element_type=\"column\" data-e-type=\"column\">\n\t\t\t<div class=\"elementor-widget-wrap elementor-element-populated\">\n\t\t\t\t\t\t<div class=\"elementor-element elementor-element-03a55a4 elementor-widget elementor-widget-heading\" data-id=\"03a55a4\" data-element_type=\"widget\" data-e-type=\"widget\" data-widget_type=\"heading.default\">\n\t\t\t\t<div class=\"elementor-widget-container\">\n\t\t\t\t\t<h2 class=\"elementor-heading-title elementor-size-default\">Vizora pe Windows \u0219i MacOS<\/h2>\t\t\t\t<\/div>\n\t\t\t\t<\/div>\n\t\t\t\t<div class=\"elementor-element elementor-element-2a2188b elementor-widget elementor-widget-text-editor\" data-id=\"2a2188b\" data-element_type=\"widget\" data-e-type=\"widget\" data-widget_type=\"text-editor.default\">\n\t\t\t\t<div class=\"elementor-widget-container\">\n\t\t\t\t\t\t\t\t\t<p><span style=\"font-weight: 400;\">Ceea ce \u00ee\u021bi trebuie este o conexiune bun\u0103 la internet \u0219i aplica\u021bii potrivite.<\/span><\/p><p><span style=\"font-weight: 400;\">Recomand\u0103m folosirea unui cablu Ethernet (cablu de re\u021bea) pentru o conexiune mai stabil\u0103, dar \u0219i Wi\u2011Fi func\u021bioneaz\u0103 bine dac\u0103 ai internet suficient de rapid la loca\u021bie.<\/span><\/p><p><span style=\"font-weight: 400;\">Instaleaz\u0103 una dintre aplica\u021biile recomandate \u0219i urmeaz\u0103 instruc\u021biunile pentru a ob\u021bine tot ce e mai bun din serviciul t\u0103u IPTV.<\/span><\/p>\t\t\t\t\t\t\t\t<\/div>\n\t\t\t\t<\/div>\n\t\t\t\t<div class=\"elementor-section elementor-inner-section elementor-element elementor-element-5402fbf elementor-section-boxed elementor-section-height-default elementor-section-height-default wpr-particle-no wpr-jarallax-no wpr-parallax-no wpr-sticky-section-no wpr-equal-height-no\" data-id=\"5402fbf\" data-element_type=\"section\" data-e-type=\"section\">\n\t\t\t\t\t\t<div class=\"elementor-container elementor-column-gap-default\">\n\t\t\t\t\t<div data-ra-url=\"https:\/\/vizora.tv\/iptv-windows\/\" data-ra-target=\"_self\" class=\"ra-clickable-wrapper elementor-column elementor-col-50 elementor-inner-column elementor-element elementor-element-4acbea1\" style=\"cursor:pointer;\" data-id=\"4acbea1\" data-element_type=\"column\" data-e-type=\"column\" data-settings=\"{&quot;background_background&quot;:&quot;classic&quot;}\">\n\t\t\t<div class=\"elementor-widget-wrap elementor-element-populated\">\n\t\t\t\t\t\t<div class=\"elementor-element elementor-element-02be083 elementor-widget elementor-widget-image-box\" data-id=\"02be083\" data-element_type=\"widget\" data-e-type=\"widget\" data-widget_type=\"image-box.default\">\n\t\t\t\t<div class=\"elementor-widget-container\">\n\t\t\t\t\t<div class=\"elementor-image-box-wrapper\"><div class=\"elementor-image-box-content\"><h3 class=\"elementor-image-box-title\">Windows<\/h3><p class=\"elementor-image-box-description\"> <\/p><\/div><\/div>\t\t\t\t<\/div>\n\t\t\t\t<\/div>\n\t\t\t\t\t<\/div>\n\t\t<\/div>\n\t\t\t\t<div data-ra-url=\"https:\/\/vizora.tv\/mac-iptv\/\" data-ra-target=\"_self\" class=\"ra-clickable-wrapper elementor-column elementor-col-50 elementor-inner-column elementor-element elementor-element-a8afd1c\" style=\"cursor:pointer;\" data-id=\"a8afd1c\" data-element_type=\"column\" data-e-type=\"column\" data-settings=\"{&quot;background_background&quot;:&quot;classic&quot;}\">\n\t\t\t<div class=\"elementor-widget-wrap elementor-element-populated\">\n\t\t\t\t\t\t<div class=\"elementor-element elementor-element-101b817 elementor-widget elementor-widget-image-box\" data-id=\"101b817\" data-element_type=\"widget\" data-e-type=\"widget\" data-widget_type=\"image-box.default\">\n\t\t\t\t<div class=\"elementor-widget-container\">\n\t\t\t\t\t<div class=\"elementor-image-box-wrapper\"><div class=\"elementor-image-box-content\"><h3 class=\"elementor-image-box-title\">MAC<\/h3><p class=\"elementor-image-box-description\"> <\/p><\/div><\/div>\t\t\t\t<\/div>\n\t\t\t\t<\/div>\n\t\t\t\t\t<\/div>\n\t\t<\/div>\n\t\t\t\t\t<\/div>\n\t\t<\/div>\n\t\t\t\t\t<\/div>\n\t\t<\/div>\n\t\t\t\t\t<\/div>\n\t\t<\/section>\n\t\t\t\t<section class=\"elementor-section elementor-top-section elementor-element elementor-element-8d7fa1a elementor-section-boxed elementor-section-height-default elementor-section-height-default wpr-particle-no wpr-jarallax-no wpr-parallax-no wpr-sticky-section-no wpr-equal-height-no\" data-id=\"8d7fa1a\" data-element_type=\"section\" data-e-type=\"section\" data-settings=\"{&quot;background_background&quot;:&quot;classic&quot;}\">\n\t\t\t\t\t\t<div class=\"elementor-container elementor-column-gap-default\">\n\t\t\t\t\t<div class=\"elementor-column elementor-col-100 elementor-top-column elementor-element elementor-element-baf4930\" data-id=\"baf4930\" data-element_type=\"column\" data-e-type=\"column\">\n\t\t\t<div class=\"elementor-widget-wrap elementor-element-populated\">\n\t\t\t\t\t\t<div class=\"elementor-element elementor-element-e00f45e elementor-widget elementor-widget-heading\" data-id=\"e00f45e\" data-element_type=\"widget\" data-e-type=\"widget\" data-widget_type=\"heading.default\">\n\t\t\t\t<div class=\"elementor-widget-container\">\n\t\t\t\t\t<h3 class=\"elementor-heading-title elementor-size-default\"> Cump\u0103r\u0103 un computer \u2013 IPTV pe computer <br><\/h3>\t\t\t\t<\/div>\n\t\t\t\t<\/div>\n\t\t\t\t<div class=\"elementor-element elementor-element-5998c89 elementor-widget elementor-widget-text-editor\" data-id=\"5998c89\" data-element_type=\"widget\" data-e-type=\"widget\" data-widget_type=\"text-editor.default\">\n\t\t\t\t<div class=\"elementor-widget-container\">\n\t\t\t\t\t\t\t\t\t<p data-start=\"36\" data-end=\"360\">Cump\u0103r\u0103 un computer de la unul dintre marii retaileri, precum Elgiganten, Power sau Webhallen. Nu recomand\u0103m achizi\u021bionarea unui computer second-hand, deoarece nu \u0219tii cum a fost folosit anterior. Dispozitivele folosite pot fi afectate de uzur\u0103, ceea ce poate influen\u021ba componente importante precum hard disk-ul, procesorul sau memoria RAM.  <\/p><p data-start=\"365\" data-end=\"712\">\u00cen plus, un computer nu este \u00eentotdeauna optimizat pentru a gestiona liste IPTV foarte mari, care pot con\u021bine sute de mii de titluri. Pentru cea mai bun\u0103 experien\u021b\u0103, recomand\u0103m \u00een schimb utilizarea unui Apple TV sau a unui Formuler Box. Totu\u0219i, un computer func\u021bioneaz\u0103 bine pentru IPTV, dar pentru o experien\u021b\u0103 optim\u0103, combina\u021bia dintre un televizor \u0219i un box este cea mai bun\u0103 op\u021biune.  <\/p><p data-start=\"717\" data-end=\"943\" data-is-last-node=\"\">Indiferent dac\u0103 ai deja un computer sau pl\u0103nuie\u0219ti s\u0103 cumperi unul nou, este o idee bun\u0103 s\u0103 elimini aplica\u021biile \u0219i programele inutile care nu sunt folosite, deoarece acestea ocup\u0103 spa\u021biu de stocare \u0219i pot consuma memorie RAM atunci c\u00e2nd ruleaz\u0103 \u00een fundal.<\/p>\t\t\t\t\t\t\t\t<\/div>\n\t\t\t\t<\/div>\n\t\t\t\t<div class=\"elementor-element elementor-element-4be4c36 elementor-widget elementor-widget-heading\" data-id=\"4be4c36\" data-element_type=\"widget\" data-e-type=\"widget\" data-widget_type=\"heading.default\">\n\t\t\t\t<div class=\"elementor-widget-container\">\n\t\t\t\t\t<h3 class=\"elementor-heading-title elementor-size-default\"> Set\u0103ri de baz\u0103<\/h3>\t\t\t\t<\/div>\n\t\t\t\t<\/div>\n\t\t\t\t<div class=\"elementor-element elementor-element-8f0f803 elementor-widget elementor-widget-text-editor\" data-id=\"8f0f803\" data-element_type=\"widget\" data-e-type=\"widget\" data-widget_type=\"text-editor.default\">\n\t\t\t\t<div class=\"elementor-widget-container\">\n\t\t\t\t\t\t\t\t\t<p data-start=\"36\" data-end=\"353\">Finalizeaz\u0103 configurarea de baz\u0103 pe noul t\u0103u computer \u0219i accept\u0103 termenii \u0219i condi\u021biile dac\u0103 dispozitivul este nou. Conecteaz\u0103-te sau creeaz\u0103 un cont Google sau iCloud, \u00een func\u021bie de faptul c\u0103 este un computer cu Windows sau Mac. Instaleaz\u0103 aplica\u021biile sau programele necesare \u0219i p\u0103streaz\u0103 ambalajul, deoarece garan\u021bia poate fi legat\u0103 de acesta.  <\/p><p data-start=\"358\" data-end=\"582\">Conecteaz\u0103 noul t\u0103u dispozitiv la re\u021bea. Recomand\u0103m utilizarea unui cablu Ethernet (cablu de re\u021bea) pentru o conexiune mai stabil\u0103, dar \u0219i Wi-Fi func\u021bioneaz\u0103 bine dac\u0103 routerul nu este prea departe \u0219i are o acoperire bun\u0103 \u00een locuin\u021ba ta. <\/p><p data-start=\"587\" data-end=\"793\" data-is-last-node=\"\">\u021aine minte c\u0103 obiecte mari precum frigiderele, dulapurile sau u\u0219ile pot afecta semnalul \u0219i pot reduce calitatea conexiunii. Pentru cele mai bune rezultate, folose\u0219te un cablu de re\u021bea \u00eentre computer \u0219i router. <\/p>\t\t\t\t\t\t\t\t<\/div>\n\t\t\t\t<\/div>\n\t\t\t\t\t<\/div>\n\t\t<\/div>\n\t\t\t\t\t<\/div>\n\t\t<\/section>\n\t\t\t\t<section class=\"elementor-section elementor-top-section elementor-element elementor-element-2e41c02 elementor-hidden-desktop elementor-hidden-tablet elementor-hidden-mobile elementor-section-boxed elementor-section-height-default elementor-section-height-default wpr-particle-no wpr-jarallax-no wpr-parallax-no wpr-sticky-section-no wpr-equal-height-no\" data-id=\"2e41c02\" data-element_type=\"section\" data-e-type=\"section\" data-settings=\"{&quot;background_background&quot;:&quot;classic&quot;}\">\n\t\t\t\t\t\t<div class=\"elementor-container elementor-column-gap-default\">\n\t\t\t\t\t<div class=\"elementor-column elementor-col-100 elementor-top-column elementor-element elementor-element-ea282d3\" data-id=\"ea282d3\" data-element_type=\"column\" data-e-type=\"column\">\n\t\t\t<div class=\"elementor-widget-wrap elementor-element-populated\">\n\t\t\t\t\t\t<div class=\"elementor-element elementor-element-f077726 elementor-widget elementor-widget-heading\" data-id=\"f077726\" data-element_type=\"widget\" data-e-type=\"widget\" data-widget_type=\"heading.default\">\n\t\t\t\t<div class=\"elementor-widget-container\">\n\t\t\t\t\t<h2 class=\"elementor-heading-title elementor-size-default\">Descarc\u0103 o aplica\u021bie IPTV<\/h2>\t\t\t\t<\/div>\n\t\t\t\t<\/div>\n\t\t\t\t<section class=\"elementor-section elementor-inner-section elementor-element elementor-element-3934604 elementor-section-boxed elementor-section-height-default elementor-section-height-default wpr-particle-no wpr-jarallax-no wpr-parallax-no wpr-sticky-section-no wpr-equal-height-no\" data-id=\"3934604\" data-element_type=\"section\" data-e-type=\"section\">\n\t\t\t\t\t\t<div class=\"elementor-container elementor-column-gap-default\">\n\t\t\t\t\t<div class=\"elementor-column elementor-col-50 elementor-inner-column elementor-element elementor-element-17de95b\" data-id=\"17de95b\" data-element_type=\"column\" data-e-type=\"column\">\n\t\t\t<div class=\"elementor-widget-wrap elementor-element-populated\">\n\t\t\t\t\t\t<div class=\"elementor-element elementor-element-79f8327 elementor-widget elementor-widget-image\" data-id=\"79f8327\" data-element_type=\"widget\" data-e-type=\"widget\" data-widget_type=\"image.default\">\n\t\t\t\t<div class=\"elementor-widget-container\">\n\t\t\t\t\t\t\t\t\t\t\t\t\t\t\t<img fetchpriority=\"high\" decoding=\"async\" width=\"768\" height=\"473\" src=\"https:\/\/vizora.tv\/wp-content\/uploads\/2024\/12\/IPTV-med-Mac-dator-768x473-1.jpeg\" class=\"attachment-large size-large wp-image-3655\" alt=\"\" srcset=\"https:\/\/vizora.tv\/wp-content\/uploads\/2024\/12\/IPTV-med-Mac-dator-768x473-1.jpeg 768w, https:\/\/vizora.tv\/wp-content\/uploads\/2024\/12\/IPTV-med-Mac-dator-768x473-1-600x370.jpeg 600w, https:\/\/vizora.tv\/wp-content\/uploads\/2024\/12\/IPTV-med-Mac-dator-768x473-1-300x185.jpeg 300w\" sizes=\"(max-width: 768px) 100vw, 768px\" \/>\t\t\t\t\t\t\t\t\t\t\t\t\t\t\t<\/div>\n\t\t\t\t<\/div>\n\t\t\t\t<div class=\"elementor-element elementor-element-c7ca43d elementor-widget elementor-widget-heading\" data-id=\"c7ca43d\" data-element_type=\"widget\" data-e-type=\"widget\" data-widget_type=\"heading.default\">\n\t\t\t\t<div class=\"elementor-widget-container\">\n\t\t\t\t\t<h2 class=\"elementor-heading-title elementor-size-default\">Top aplica\u021bii IPTV pentru computere \u0219i laptopuri<\/h2>\t\t\t\t<\/div>\n\t\t\t\t<\/div>\n\t\t\t\t<div class=\"elementor-element elementor-element-6f3ae17 elementor-widget elementor-widget-text-editor\" data-id=\"6f3ae17\" data-element_type=\"widget\" data-e-type=\"widget\" data-widget_type=\"text-editor.default\">\n\t\t\t\t<div class=\"elementor-widget-container\">\n\t\t\t\t\t\t\t\t\t\nAici po\u021bi g\u0103si cele mai bune \u0219i recomandate aplica\u021bii, care func\u021bioneaz\u0103 excelent pe computere \u0219i laptopuri de la HP, Acer, Asus, MSI, Lenovo, Mac \u0219i multe alte branduri. \nRecomand\u0103m desc\u0103rcarea aplica\u021biilor din sursele oficiale Play Store sau App Store.\n<p data-start=\"36\" data-end=\"357\"><a style=\"background-color: #191919;\" href=\"https:\/\/vizora.tv\/iptv-smarters\/\"><strong data-start=\"36\" data-end=\"53\">IPTV Smarters<\/strong><\/a><br><a href=\"https:\/\/vizora.tv\/ro\/myiptv-player\/\" style=\"background-color: rgb(25, 25, 25);\"><strong data-start=\"58\" data-end=\"75\">MyIPTVPlayer<\/strong><\/a>&nbsp;\n<br><a href=\"https:\/\/vizora.tv\/ro\/iptv-duplex\/\" style=\"background-color: rgb(25, 25, 25);\"><strong data-start=\"80\" data-end=\"95\">Duplex Play<\/strong><\/a>&nbsp; \n<br><a href=\"https:\/\/vizora.tv\/ro\/gse-smart-iptv\/\" style=\"background-color: rgb(25, 25, 25);\"><strong data-start=\"100\" data-end=\"122\">GSE Smart IPTV Pro&nbsp;<\/strong><\/a><\/p>\t\t\t\t\t\t\t\t<\/div>\n\t\t\t\t<\/div>\n\t\t\t\t\t<\/div>\n\t\t<\/div>\n\t\t\t\t<div class=\"elementor-column elementor-col-50 elementor-inner-column elementor-element elementor-element-2dee851\" data-id=\"2dee851\" data-element_type=\"column\" data-e-type=\"column\">\n\t\t\t<div class=\"elementor-widget-wrap elementor-element-populated\">\n\t\t\t\t\t\t<div class=\"elementor-element elementor-element-e55eb8c elementor-widget elementor-widget-image\" data-id=\"e55eb8c\" data-element_type=\"widget\" data-e-type=\"widget\" data-widget_type=\"image.default\">\n\t\t\t\t<div class=\"elementor-widget-container\">\n\t\t\t\t\t\t\t\t\t\t\t\t\t\t\t<img decoding=\"async\" width=\"768\" height=\"486\" src=\"https:\/\/vizora.tv\/wp-content\/uploads\/2024\/12\/IPTV-App-Mac-dator-768x486-1.jpeg\" class=\"attachment-large size-large wp-image-3656\" alt=\"\" srcset=\"https:\/\/vizora.tv\/wp-content\/uploads\/2024\/12\/IPTV-App-Mac-dator-768x486-1.jpeg 768w, https:\/\/vizora.tv\/wp-content\/uploads\/2024\/12\/IPTV-App-Mac-dator-768x486-1-600x380.jpeg 600w, https:\/\/vizora.tv\/wp-content\/uploads\/2024\/12\/IPTV-App-Mac-dator-768x486-1-300x190.jpeg 300w\" sizes=\"(max-width: 768px) 100vw, 768px\" \/>\t\t\t\t\t\t\t\t\t\t\t\t\t\t\t<\/div>\n\t\t\t\t<\/div>\n\t\t\t\t<div class=\"elementor-element elementor-element-73e9d17 elementor-widget elementor-widget-heading\" data-id=\"73e9d17\" data-element_type=\"widget\" data-e-type=\"widget\" data-widget_type=\"heading.default\">\n\t\t\t\t<div class=\"elementor-widget-container\">\n\t\t\t\t\t<h2 class=\"elementor-heading-title elementor-size-default\">IPTV pe computer \u2013 Perioad\u0103 de prob\u0103 gratuit\u0103<\/h2>\t\t\t\t<\/div>\n\t\t\t\t<\/div>\n\t\t\t\t<div class=\"elementor-element elementor-element-ff0752d elementor-widget elementor-widget-text-editor\" data-id=\"ff0752d\" data-element_type=\"widget\" data-e-type=\"widget\" data-widget_type=\"text-editor.default\">\n\t\t\t\t<div class=\"elementor-widget-container\">\n\t\t\t\t\t\t\t\t\tC\u00e2nd ai aplica\u021bia pentru a rula serviciul, po\u021bi introduce datele de autentificare pe care le-ai primit de la noi. \nVizora IPTV ofer\u0103 toate evenimentele sportive principale, toate filmele, serialele TV \u0219i documentarele pe care nu le po\u021bi g\u0103si nic\u0103ieri altundeva, \u00eentr-un singur loc.\n\n\t\t\t\t\t\t\t\t<\/div>\n\t\t\t\t<\/div>\n\t\t\t\t<div class=\"elementor-element elementor-element-2e8c52a elementor-widget elementor-widget-text-editor\" data-id=\"2e8c52a\" data-element_type=\"widget\" data-e-type=\"widget\" data-widget_type=\"text-editor.default\">\n\t\t\t\t<div class=\"elementor-widget-container\">\n\t\t\t\t\t\t\t\t\t\u00centregul nostru catalog este inclus \u0219i \u00een perioada de prob\u0103 gratuit\u0103. <br>Recomand\u0103m achizi\u021bionarea abonamentului de 12 luni, deoarece ofer\u0103 cel mai bun raport calitate\u2011pre\u021b: doar 1,5 \u20ac sau 1,9 \u20ac per dispozitiv. \t\t\t\t\t\t\t\t<\/div>\n\t\t\t\t<\/div>\n\t\t\t\t\t<\/div>\n\t\t<\/div>\n\t\t\t\t\t<\/div>\n\t\t<\/section>\n\t\t\t\t\t<\/div>\n\t\t<\/div>\n\t\t\t\t\t<\/div>\n\t\t<\/section>\n\t\t\t\t<\/div>\n\t\t","protected":false},"excerpt":{"rendered":"<p>Vizora pe Windows \u0219i MacOS Ceea ce \u00ee\u021bi trebuie este o conexiune bun\u0103 la internet \u0219i aplica\u021bii potrivite. Recomand\u0103m folosirea unui cablu Ethernet (cablu de re\u021bea) pentru o conexiune mai stabil\u0103, dar \u0219i Wi\u2011Fi func\u021bioneaz\u0103 bine dac\u0103 ai internet suficient de rapid la loca\u021bie. Instaleaz\u0103 una dintre aplica\u021biile recomandate \u0219i urmeaz\u0103 instruc\u021biunile pentru a ob\u021bine tot ce e mai bun din serviciul t\u0103u IPTV. Windows MAC Cump\u0103r\u0103 un computer \u2013 IPTV pe computer Cump\u0103r\u0103 un computer de la unul dintre marii retaileri, precum Elgiganten, Power sau Webhallen. Nu recomand\u0103m achizi\u021bionarea unui computer second-hand, deoarece nu \u0219tii cum a fost folosit anterior. Dispozitivele folosite pot fi afectate de uzur\u0103, ceea ce poate influen\u021ba componente importante precum hard disk-ul, procesorul sau memoria RAM. \u00cen plus, un computer nu este \u00eentotdeauna optimizat pentru a gestiona liste IPTV foarte mari, care pot con\u021bine sute de mii de titluri. Pentru cea mai bun\u0103 experien\u021b\u0103, recomand\u0103m \u00een schimb utilizarea unui Apple TV sau a unui Formuler Box. Totu\u0219i, un computer func\u021bioneaz\u0103 bine pentru IPTV, dar pentru o experien\u021b\u0103 optim\u0103, combina\u021bia dintre un televizor \u0219i un box este cea mai bun\u0103 op\u021biune. Indiferent dac\u0103 ai deja un computer sau pl\u0103nuie\u0219ti s\u0103 cumperi unul nou, este o idee bun\u0103 s\u0103 elimini aplica\u021biile \u0219i programele inutile care nu sunt folosite, deoarece acestea ocup\u0103 spa\u021biu de stocare \u0219i pot consuma memorie RAM atunci c\u00e2nd ruleaz\u0103 \u00een fundal. Set\u0103ri de baz\u0103 Finalizeaz\u0103 configurarea de baz\u0103 pe noul t\u0103u computer \u0219i accept\u0103 termenii \u0219i condi\u021biile dac\u0103 dispozitivul este nou. Conecteaz\u0103-te sau creeaz\u0103 un cont Google sau iCloud, \u00een func\u021bie de faptul c\u0103 este un computer cu Windows sau Mac. Instaleaz\u0103 aplica\u021biile sau programele necesare \u0219i p\u0103streaz\u0103 ambalajul, deoarece garan\u021bia poate fi legat\u0103 de acesta. Conecteaz\u0103 noul t\u0103u dispozitiv la re\u021bea. Recomand\u0103m utilizarea unui cablu Ethernet (cablu de re\u021bea) pentru o conexiune mai stabil\u0103, dar \u0219i Wi-Fi func\u021bioneaz\u0103 bine dac\u0103 routerul nu este prea departe \u0219i are o acoperire bun\u0103 \u00een locuin\u021ba ta. \u021aine minte c\u0103 obiecte mari precum frigiderele, dulapurile sau u\u0219ile pot afecta semnalul \u0219i pot reduce calitatea conexiunii. Pentru cele mai bune rezultate, folose\u0219te un cablu de re\u021bea \u00eentre computer \u0219i router. Descarc\u0103 o aplica\u021bie IPTV Top aplica\u021bii IPTV pentru computere \u0219i laptopuri Aici po\u021bi g\u0103si cele mai bune \u0219i recomandate aplica\u021bii, care func\u021bioneaz\u0103 excelent pe computere \u0219i laptopuri de la HP, Acer, Asus, MSI, Lenovo, Mac \u0219i multe alte branduri. Recomand\u0103m desc\u0103rcarea aplica\u021biilor din sursele oficiale Play Store sau App Store. IPTV SmartersMyIPTVPlayer&nbsp; Duplex Play&nbsp; GSE Smart IPTV Pro&nbsp; IPTV pe computer \u2013 Perioad\u0103 de prob\u0103 gratuit\u0103 C\u00e2nd ai aplica\u021bia pentru a rula serviciul, po\u021bi introduce datele de autentificare pe care le-ai primit de la noi. Vizora IPTV ofer\u0103 toate evenimentele sportive principale, toate filmele, serialele TV \u0219i documentarele pe care nu le po\u021bi g\u0103si nic\u0103ieri altundeva, \u00eentr-un singur loc. \u00centregul nostru catalog este inclus \u0219i \u00een perioada de prob\u0103 gratuit\u0103. Recomand\u0103m achizi\u021bionarea abonamentului de 12 luni, deoarece ofer\u0103 cel mai bun raport calitate\u2011pre\u021b: doar 1,5 \u20ac sau 1,9 \u20ac per dispozitiv.<\/p>\n","protected":false},"author":1,"featured_media":0,"parent":0,"menu_order":0,"comment_status":"closed","ping_status":"closed","template":"","meta":{"footnotes":""},"class_list":["post-3659","page","type-page","status-publish","hentry"],"_links":{"self":[{"href":"https:\/\/vizora.tv\/ro\/wp-json\/wp\/v2\/pages\/3659","targetHints":{"allow":["GET"]}}],"collection":[{"href":"https:\/\/vizora.tv\/ro\/wp-json\/wp\/v2\/pages"}],"about":[{"href":"https:\/\/vizora.tv\/ro\/wp-json\/wp\/v2\/types\/page"}],"author":[{"embeddable":true,"href":"https:\/\/vizora.tv\/ro\/wp-json\/wp\/v2\/users\/1"}],"replies":[{"embeddable":true,"href":"https:\/\/vizora.tv\/ro\/wp-json\/wp\/v2\/comments?post=3659"}],"version-history":[{"count":2,"href":"https:\/\/vizora.tv\/ro\/wp-json\/wp\/v2\/pages\/3659\/revisions"}],"predecessor-version":[{"id":4478,"href":"https:\/\/vizora.tv\/ro\/wp-json\/wp\/v2\/pages\/3659\/revisions\/4478"}],"wp:attachment":[{"href":"https:\/\/vizora.tv\/ro\/wp-json\/wp\/v2\/media?parent=3659"}],"curies":[{"name":"wp","href":"https:\/\/api.w.org\/{rel}","templated":true}]}}