{"id":3356,"date":"2024-12-23T21:30:36","date_gmt":"2024-12-23T21:30:36","guid":{"rendered":"https:\/\/vizora.tv\/product\/6-luni-pentru-3-dispozitive\/"},"modified":"2024-12-23T21:30:36","modified_gmt":"2024-12-23T21:30:36","slug":"6-luni-pentru-3-dispozitive","status":"publish","type":"product","link":"https:\/\/vizora.tv\/ro\/produs\/6-luni-pentru-3-dispozitive\/","title":{"rendered":"6 luni pentru 3 dispozitive"},"content":{"rendered":"","protected":false},"excerpt":{"rendered":"<p>Disponibil 24\/7 cu servere premium, oferim peste 10.000 de canale, mai mult de 20.000 de filme VOD \u0219i peste 2.500 de seriale. Con\u021binutul nostru este livrat at\u00e2t \u00een calitate HD, c\u00e2t \u0219i Full HD, pentru a asigura o experien\u021b\u0103 de vizionare premium. <\/p>\n<p>Serviciile noastre sunt compatibile cu multiple dispozitive, inclusiv Android, PC, Smart TV, MAG, TVIP, Formuler \u0219i Enigma. Indiferent de dispozitivul pe care \u00eel folose\u0219ti, te po\u021bi bucura de biblioteca noastr\u0103 extins\u0103 de con\u021binut oric\u00e2nd \u0219i oriunde. <\/p>\n","protected":false},"featured_media":3022,"comment_status":"closed","ping_status":"closed","template":"","meta":[],"product_brand":[],"product_cat":[65],"product_tag":[],"class_list":{"0":"post-3356","1":"product","2":"type-product","3":"status-publish","4":"has-post-thumbnail","6":"product_cat-abonament","8":"first","9":"instock","10":"shipping-taxable","11":"purchasable","12":"product-type-simple"},"_links":{"self":[{"href":"https:\/\/vizora.tv\/ro\/wp-json\/wp\/v2\/product\/3356","targetHints":{"allow":["GET"]}}],"collection":[{"href":"https:\/\/vizora.tv\/ro\/wp-json\/wp\/v2\/product"}],"about":[{"href":"https:\/\/vizora.tv\/ro\/wp-json\/wp\/v2\/types\/product"}],"replies":[{"embeddable":true,"href":"https:\/\/vizora.tv\/ro\/wp-json\/wp\/v2\/comments?post=3356"}],"wp:featuredmedia":[{"embeddable":true,"href":"https:\/\/vizora.tv\/ro\/wp-json\/wp\/v2\/media\/3022"}],"wp:attachment":[{"href":"https:\/\/vizora.tv\/ro\/wp-json\/wp\/v2\/media?parent=3356"}],"wp:term":[{"taxonomy":"product_brand","embeddable":true,"href":"https:\/\/vizora.tv\/ro\/wp-json\/wp\/v2\/product_brand?post=3356"},{"taxonomy":"product_cat","embeddable":true,"href":"https:\/\/vizora.tv\/ro\/wp-json\/wp\/v2\/product_cat?post=3356"},{"taxonomy":"product_tag","embeddable":true,"href":"https:\/\/vizora.tv\/ro\/wp-json\/wp\/v2\/product_tag?post=3356"}],"curies":[{"name":"wp","href":"https:\/\/api.w.org\/{rel}","templated":true}]}}